{"id":443,"date":"2020-03-21T10:08:15","date_gmt":"2020-03-21T10:08:15","guid":{"rendered":"https:\/\/holzhammer-grassau.de\/?page_id=443"},"modified":"2026-03-17T23:38:45","modified_gmt":"2026-03-17T22:38:45","slug":"cookie-policy","status":"publish","type":"page","link":"https:\/\/holzhammer-grassau.de\/?page_id=443","title":{"rendered":"Cookie Richtlinie"},"content":{"rendered":"\n<main id=\"cookie-page\">\n  <style>\n    :root {\n      --bg: #fcfbfa;\n      --surface: #ffffff;\n      --surface-soft: #f6f1f3;\n      --text: #1f1f1f;\n      --text-muted: #5d5d5d;\n      --accent: #b1466b;\n      --accent-dark: #8f3554;\n      --accent-soft: #ecd4dd;\n      --border: #e7e0e3;\n      --shadow: 0 12px 30px rgba(0, 0, 0, 0.07);\n      --radius: 18px;\n      --radius-sm: 12px;\n      --max: 1180px;\n      --focus: 3px solid #8f3554;\n    }\n\n    * { box-sizing: border-box; }\n\n    #cookie-page {\n      margin: 0;\n      font-family: Arial, Helvetica, sans-serif;\n      color: var(--text);\n      background: var(--bg);\n      line-height: 1.7;\n    }\n\n    #cookie-page a {\n      color: var(--accent-dark);\n      text-decoration-thickness: 2px;\n      text-underline-offset: 2px;\n    }\n\n    #cookie-page a:hover {\n      text-decoration: none;\n    }\n\n    #cookie-page a:focus {\n      outline: var(--focus);\n      outline-offset: 3px;\n    }\n\n    #cookie-page .container {\n      width: min(100% - 2rem, var(--max));\n      margin-inline: auto;\n    }\n\n    #cookie-page .section {\n      padding: 72px 0;\n    }\n\n    #cookie-page .section-tight {\n      padding: 48px 0;\n    }\n\n    #cookie-page .eyebrow {\n      display: inline-block;\n      font-size: 0.9rem;\n      font-weight: 700;\n      letter-spacing: 0.04em;\n      text-transform: uppercase;\n      color: var(--accent-dark);\n      margin-bottom: 12px;\n    }\n\n    #cookie-page h1,\n    #cookie-page h2,\n    #cookie-page h3 {\n      line-height: 1.2;\n      margin-top: 0;\n    }\n\n    #cookie-page h1 {\n      font-size: clamp(2.2rem, 5vw, 4rem);\n      margin-bottom: 18px;\n    }\n\n    #cookie-page h2 {\n      font-size: clamp(1.6rem, 3vw, 2.3rem);\n      margin-bottom: 14px;\n    }\n\n    #cookie-page h3 {\n      font-size: 1.15rem;\n      margin-bottom: 10px;\n    }\n\n    #cookie-page p {\n      margin-top: 0;\n      margin-bottom: 1rem;\n    }\n\n    #cookie-page .lead {\n      font-size: 1.08rem;\n      color: var(--text-muted);\n      max-width: 70ch;\n    }\n\n    #cookie-page .hero-card,\n    #cookie-page .card,\n    #cookie-page .cta {\n      border-radius: var(--radius);\n      box-shadow: var(--shadow);\n    }\n\n    #cookie-page .hero-card,\n    #cookie-page .card {\n      background: var(--surface);\n      border: 1px solid var(--border);\n    }\n\n    #cookie-page .hero-card {\n      padding: 28px;\n    }\n\n    #cookie-page .content-grid {\n      display: grid;\n      grid-template-columns: 300px 1fr;\n      gap: 28px;\n      align-items: start;\n    }\n\n    #cookie-page .sticky-card {\n      position: sticky;\n      top: 24px;\n      padding: 22px;\n      background: var(--surface-soft);\n      border: 1px solid var(--border);\n      border-radius: var(--radius);\n    }\n\n    #cookie-page .sticky-card ul {\n      list-style: none;\n      padding: 0;\n      margin: 0;\n    }\n\n    #cookie-page .sticky-card li + li {\n      margin-top: 10px;\n    }\n\n    #cookie-page .sticky-card a {\n      text-decoration: none;\n      color: var(--text);\n      font-weight: 600;\n    }\n\n    #cookie-page .sticky-card a:hover {\n      color: var(--accent-dark);\n    }\n\n    #cookie-page .main-content {\n      display: grid;\n      gap: 22px;\n    }\n\n    #cookie-page .card {\n      padding: 28px;\n    }\n\n    #cookie-page .info-box {\n      background: var(--surface-soft);\n      border: 1px solid var(--border);\n      border-radius: 14px;\n      padding: 18px;\n      margin-top: 16px;\n    }\n\n    #cookie-page ul {\n      padding-left: 1.2rem;\n      margin-top: 0.5rem;\n      margin-bottom: 1rem;\n    }\n\n    #cookie-page li {\n      margin-bottom: 0.55rem;\n    }\n\n    #cookie-page .cta {\n      background: linear-gradient(135deg, #b1466b 0%, #8f3554 100%);\n      color: #fff;\n      padding: 34px;\n    }\n\n    #cookie-page .cta h2,\n    #cookie-page .cta p {\n      color: #fff;\n    }\n\n    @media (max-width: 980px) {\n      #cookie-page .content-grid {\n        grid-template-columns: 1fr;\n      }\n\n      #cookie-page .sticky-card {\n        position: static;\n      }\n    }\n\n    @media (max-width: 760px) {\n      #cookie-page .section {\n        padding: 56px 0;\n      }\n\n      #cookie-page .hero-card,\n      #cookie-page .card {\n        padding: 22px;\n      }\n    }\n  <\/style>\n\n  <section class=\"section\">\n    <div class=\"container\">\n      <div class=\"hero-card\">\n        <span class=\"eyebrow\">Cookies<\/span>\n        <h1>Cookie-Richtlinie<\/h1>\n        <p class=\"lead\">\n          Diese Cookie-Richtlinie erkl\u00e4rt, was Cookies sind und wie wir sie auf dieser Website verwenden. Sie erfahren au\u00dferdem, welche Arten von Cookies eingesetzt werden und wie Sie Ihre Einstellungen \u00e4ndern k\u00f6nnen.\n        <\/p>\n      <\/div>\n    <\/div>\n  <\/section>\n\n  <section class=\"section-tight\">\n    <div class=\"container content-grid\">\n      <aside class=\"sticky-card\" aria-label=\"Inhaltsverzeichnis\">\n        <h3>Inhalt<\/h3>\n        <ul>\n          <li><a href=\"#ueber-cookies\">1. \u00dcber Cookies<\/a><\/li>\n          <li><a href=\"#was-sind-cookies\">2. Was sind Cookies?<\/a><\/li>\n          <li><a href=\"#wie-nutzen-wir-cookies\">3. Wie nutzen wir Cookies?<\/a><\/li>\n          <li><a href=\"#welche-cookies\">4. Welche Cookies nutzen wir?<\/a><\/li>\n          <li><a href=\"#einstellungen\">5. Wie k\u00f6nnen Sie Ihre Einstellungen \u00e4ndern?<\/a><\/li>\n        <\/ul>\n      <\/aside>\n\n      <div class=\"main-content\">\n        <section class=\"card\" id=\"ueber-cookies\">\n          <h2>1. \u00dcber Cookies<\/h2>\n          <p>\n            Diese Cookie-Richtlinie erkl\u00e4rt, was Cookies sind und wie wir sie verwenden. Sie sollten diese Richtlinie lesen, um zu verstehen, was Cookies sind, wie wir sie verwenden, welche Arten von Cookies wir einsetzen, welche Informationen wir mithilfe von Cookies erfassen und wie diese Informationen verwendet werden.\n          <\/p>\n          <p>\n            Weitere Informationen dar\u00fcber, wie wir Ihre personenbezogenen Daten verwenden, speichern und sch\u00fctzen, finden Sie in unserer Datenschutzerkl\u00e4rung.\n          <\/p>\n        <\/section>\n\n        <section class=\"card\" id=\"was-sind-cookies\">\n          <h2>2. Was sind Cookies?<\/h2>\n          <p>\n            Cookies sind kleine Textdateien, in denen kleine Informationsmengen gespeichert werden. Sie werden auf Ihrem Ger\u00e4t gespeichert, wenn die Website in Ihrem Browser geladen wird.\n          <\/p>\n          <p>\n            Diese Cookies helfen uns dabei, die Website ordnungsgem\u00e4\u00df funktionieren zu lassen, die Website sicherer zu machen, eine bessere Benutzererfahrung zu bieten und zu verstehen, wie die Website genutzt wird und an welchen Stellen Verbesserungen erforderlich sind.\n          <\/p>\n        <\/section>\n\n        <section class=\"card\" id=\"wie-nutzen-wir-cookies\">\n          <h2>3. Wie nutzen wir Cookies?<\/h2>\n          <p>\n            Wie die meisten Online-Dienste verwendet auch unsere Website Cookies von Erstanbietern und gegebenenfalls von Drittanbietern f\u00fcr verschiedene Zwecke.\n          <\/p>\n          <p>\n            Erstanbieter-Cookies sind in der Regel erforderlich, damit die Website ordnungsgem\u00e4\u00df funktioniert. Sie erfassen grunds\u00e4tzlich keine personenbezogenen Daten.\n          <\/p>\n        <\/section>\n\n        <section class=\"card\" id=\"welche-cookies\">\n          <h2>4. Welche Cookies nutzen wir?<\/h2>\n          <p>\n            Einige Cookies sind wichtig, damit Sie die Funktionen unserer Website vollst\u00e4ndig nutzen k\u00f6nnen. Sie helfen uns dabei, Nutzersitzungen zu verwalten und Sicherheitsrisiken vorzubeugen. Diese Cookies sammeln oder speichern keine weiteren personenbezogenen Informationen.\n          <\/p>\n\n          <div class=\"info-box\">\n            <h3>Beispiele f\u00fcr notwendige Cookies<\/h3>\n            <ul>\n              <li>Cookies zur sicheren Nutzung der Website<\/li>\n              <li>Cookies zur Verwaltung von Sitzungen<\/li>\n              <li>Cookies zur technischen Bereitstellung einzelner Funktionen<\/li>\n            <\/ul>\n          <\/div>\n\n          <p>\n            Solche Cookies k\u00f6nnen unter anderem daf\u00fcr sorgen, dass bestimmte Bereiche der Website korrekt funktionieren und sicher genutzt werden k\u00f6nnen.\n          <\/p>\n        <\/section>\n\n        <section class=\"card\" id=\"einstellungen\">\n          <h2>5. Wie k\u00f6nnen Sie Ihre Einstellungen \u00e4ndern?<\/h2>\n          <p>\n            Wenn Sie Ihre Einstellungen sp\u00e4ter w\u00e4hrend Ihrer Browsersitzung \u00e4ndern m\u00f6chten, k\u00f6nnen Sie auf Ihrem Bildschirm auf die Registerkarte \u201eDatenschutz- und Cookie-Richtlinie\u201c klicken. Dadurch wird der Zustimmungshinweis erneut angezeigt, sodass Sie Ihre Einstellungen \u00e4ndern oder Ihre Einwilligung vollst\u00e4ndig widerrufen k\u00f6nnen.\n          <\/p>\n          <p>\n            Zus\u00e4tzlich bieten verschiedene Browser unterschiedliche Methoden, um von Websites verwendete Cookies zu blockieren oder zu l\u00f6schen. Sie k\u00f6nnen die Einstellungen Ihres Browsers \u00e4ndern, um Cookies zu blockieren oder zu l\u00f6schen.\n          <\/p>\n        <\/section>\n      <\/div>\n    <\/div>\n  <\/section>\n\n  <section class=\"section-tight\">\n    <div class=\"container\">\n      <div class=\"cta\">\n        <h2>Transparenz ist uns wichtig.<\/h2>\n        <p>\n          Wenn Sie Fragen zur Verwendung von Cookies auf dieser Website haben, finden Sie weitere Informationen in unserer Datenschutzerkl\u00e4rung oder k\u00f6nnen uns direkt kontaktieren.\n        <\/p>\n      <\/div>\n    <\/div>\n  <\/section>\n<\/main>\n","protected":false},"excerpt":{"rendered":"<p>Cookies Cookie-Richtlinie Diese Cookie-Richtlinie erkl\u00e4rt, was Cookies sind und wie wir sie auf dieser Website verwenden. Sie erfahren au\u00dferdem, welche [&hellip;]<\/p>\n","protected":false},"author":1,"featured_media":0,"parent":0,"menu_order":0,"comment_status":"closed","ping_status":"closed","template":"elementor_header_footer","meta":{"site-sidebar-layout":"default","site-content-layout":"","ast-site-content-layout":"default","site-content-style":"default","site-sidebar-style":"default","ast-global-header-display":"","ast-banner-title-visibility":"","ast-main-header-display":"","ast-hfb-above-header-display":"","ast-hfb-below-header-display":"","ast-hfb-mobile-header-display":"","site-post-title":"","ast-breadcrumbs-content":"","ast-featured-img":"","footer-sml-layout":"","ast-disable-related-posts":"","theme-transparent-header-meta":"","adv-header-id-meta":"","stick-header-meta":"","header-above-stick-meta":"","header-main-stick-meta":"","header-below-stick-meta":"","astra-migrate-meta-layouts":"default","ast-page-background-enabled":"default","ast-page-background-meta":{"desktop":{"background-color":"var(--ast-global-color-5)","background-image":"","background-repeat":"repeat","background-position":"center center","background-size":"auto","background-attachment":"scroll","background-type":"","background-media":"","overlay-type":"","overlay-color":"","overlay-opacity":"","overlay-gradient":""},"tablet":{"background-color":"","background-image":"","background-repeat":"repeat","background-position":"center center","background-size":"auto","background-attachment":"scroll","background-type":"","background-media":"","overlay-type":"","overlay-color":"","overlay-opacity":"","overlay-gradient":""},"mobile":{"background-color":"","background-image":"","background-repeat":"repeat","background-position":"center center","background-size":"auto","background-attachment":"scroll","background-type":"","background-media":"","overlay-type":"","overlay-color":"","overlay-opacity":"","overlay-gradient":""}},"ast-content-background-meta":{"desktop":{"background-color":"var(--ast-global-color-4)","background-image":"","background-repeat":"repeat","background-position":"center center","background-size":"auto","background-attachment":"scroll","background-type":"","background-media":"","overlay-type":"","overlay-color":"","overlay-opacity":"","overlay-gradient":""},"tablet":{"background-color":"var(--ast-global-color-4)","background-image":"","background-repeat":"repeat","background-position":"center center","background-size":"auto","background-attachment":"scroll","background-type":"","background-media":"","overlay-type":"","overlay-color":"","overlay-opacity":"","overlay-gradient":""},"mobile":{"background-color":"var(--ast-global-color-4)","background-image":"","background-repeat":"repeat","background-position":"center center","background-size":"auto","background-attachment":"scroll","background-type":"","background-media":"","overlay-type":"","overlay-color":"","overlay-opacity":"","overlay-gradient":""}},"footnotes":""},"class_list":["post-443","page","type-page","status-publish","hentry"],"_links":{"self":[{"href":"https:\/\/holzhammer-grassau.de\/index.php?rest_route=\/wp\/v2\/pages\/443","targetHints":{"allow":["GET"]}}],"collection":[{"href":"https:\/\/holzhammer-grassau.de\/index.php?rest_route=\/wp\/v2\/pages"}],"about":[{"href":"https:\/\/holzhammer-grassau.de\/index.php?rest_route=\/wp\/v2\/types\/page"}],"author":[{"embeddable":true,"href":"https:\/\/holzhammer-grassau.de\/index.php?rest_route=\/wp\/v2\/users\/1"}],"replies":[{"embeddable":true,"href":"https:\/\/holzhammer-grassau.de\/index.php?rest_route=%2Fwp%2Fv2%2Fcomments&post=443"}],"version-history":[{"count":10,"href":"https:\/\/holzhammer-grassau.de\/index.php?rest_route=\/wp\/v2\/pages\/443\/revisions"}],"predecessor-version":[{"id":1156,"href":"https:\/\/holzhammer-grassau.de\/index.php?rest_route=\/wp\/v2\/pages\/443\/revisions\/1156"}],"wp:attachment":[{"href":"https:\/\/holzhammer-grassau.de\/index.php?rest_route=%2Fwp%2Fv2%2Fmedia&parent=443"}],"curies":[{"name":"wp","href":"https:\/\/api.w.org\/{rel}","templated":true}]}}